{"id":669,"date":"2019-11-07T15:58:10","date_gmt":"2019-11-07T14:58:10","guid":{"rendered":"http:\/\/www.mariepire.asso.fr\/?page_id=669"},"modified":"2025-04-02T11:08:52","modified_gmt":"2025-04-02T09:08:52","slug":"dons-et-parrainage","status":"publish","type":"page","link":"http:\/\/www.mariepire.fr\/index.php\/dons-et-parrainage\/","title":{"rendered":"Dons et parrainage"},"content":{"rendered":"\n\n[et_pb_section fb_built=\u00a0\u00bb1&Prime; _builder_version=\u00a0\u00bb3.22&Prime; use_background_color_gradient=\u00a0\u00bbon\u00a0\u00bb background_color_gradient_start=\u00a0\u00bb#47529c\u00a0\u00bb background_color_gradient_end=\u00a0\u00bb#55a3dd\u00a0\u00bb][et_pb_row _builder_version=\u00a0\u00bb3.25&Prime;][et_pb_column type=\u00a0\u00bb4_4&Prime; _builder_version=\u00a0\u00bb3.25&Prime; custom_padding=\u00a0\u00bb|||\u00a0\u00bb custom_padding__hover=\u00a0\u00bb|||\u00a0\u00bb][et_pb_post_title meta=\u00a0\u00bboff\u00a0\u00bb featured_image=\u00a0\u00bboff\u00a0\u00bb text_color=\u00a0\u00bblight\u00a0\u00bb _builder_version=\u00a0\u00bb3.2.2&Prime; title_font_size=\u00a0\u00bb60px\u00a0\u00bb][\/et_pb_post_title][\/et_pb_column][\/et_pb_row][\/et_pb_section][et_pb_section fb_built=\u00a0\u00bb1&Prime; admin_label=\u00a0\u00bbsection\u00a0\u00bb _builder_version=\u00a0\u00bb3.22&Prime;][et_pb_row admin_label=\u00a0\u00bbrow\u00a0\u00bb _builder_version=\u00a0\u00bb3.25&Prime; background_size=\u00a0\u00bbinitial\u00a0\u00bb background_position=\u00a0\u00bbtop_left\u00a0\u00bb background_repeat=\u00a0\u00bbrepeat\u00a0\u00bb][et_pb_column type=\u00a0\u00bb4_4&Prime; _builder_version=\u00a0\u00bb3.25&Prime; custom_padding=\u00a0\u00bb|||\u00a0\u00bb custom_padding__hover=\u00a0\u00bb|||\u00a0\u00bb][et_pb_text admin_label=\u00a0\u00bbText\u00a0\u00bb _builder_version=\u00a0\u00bb3.26.6&Prime; background_size=\u00a0\u00bbinitial\u00a0\u00bb background_position=\u00a0\u00bbtop_left\u00a0\u00bb background_repeat=\u00a0\u00bbrepeat\u00a0\u00bb]<h2>Pourquoi soutenir l\u2019Association Marie Pire ?<\/h2>\n<p>Que vous soyez un particulier ou une entreprise, vos dons permettront de compl\u00e9ter les<br \/>financements publics, dans un contexte de plus en plus contraint. Gr\u00e2ce \u00e0 vous, nous<br \/>pouvons initier de nouveaux projets et pr\u00e9voir des am\u00e9nagements afin d\u2019am\u00e9liorer le confort<br \/>de vie quotidien de nos r\u00e9sidents.<\/p>\n<p>L\u2019Association Marie Pire accueille plus de 300 personnes en situation de handicap dont plus<br \/>de 110 travailleurs handicap\u00e9s. Elle souhaite avant tout apporter une r\u00e9ponse de proximit\u00e9<br \/>aux besoins des personnes vivant dans la r\u00e9gion sundgauvienne.<\/p>\n<p>Les projets port\u00e9s par l\u2019Association Marie Pire sont nombreux et se r\u00e9inventent<br \/>chaque jour ! Vos dons, m\u00eame les plus modestes, sont essentiels pour nous<br \/>permettre d&rsquo;agir.<\/p>\n<p>Vous pouvez faire un don en ligne\u00a0:<br \/><div ><form target='_blank' action='https:\/\/www.paypal.com\/cgi-bin\/webscr' method='post'><input type='hidden' name='cmd' value='_donations' \/><input type='hidden' name='business' value='comptabilite.siege@mariepire.fr' \/><input type='hidden' name='item_name' value='Faire un don' \/><input type='hidden' name='item_number' value='' \/><input type='hidden' name='currency_code' value='EUR' \/><input type='hidden' name='amount' id='amount_3ceafd3332eea8e8c769592cd3056549' value='' \/><input type='hidden' name='no_note' value='1'><input type='hidden' name='no_shipping' value='1'><input type='hidden' name='notify_url' value='http:\/\/www.mariepire.fr\/wp-admin\/admin-post.php?action=add_wpedon_button_ipn'><input type='hidden' name='lc' value='fr_CA'><input type='hidden' name='bn' value='WPPlugin_SP'><input type='hidden' name='return' value='' \/><input type='hidden' name='cancel_return' value='' \/><input class='wpedon_paypalbuttonimage' type='image' src='https:\/\/www.paypal.com\/fr_CA\/i\/btn\/btn_donate_LG.gif' border='0' name='submit' alt='Make your payments with PayPal. It is free, secure, effective.' style='border: none;'><img alt='' border='0' style='border:none;display:none;' src='https:\/\/www.paypal.com\/fr_CA\/i\/scr\/pixel.gif' width='1' height='1'><\/form><\/div><\/p>\n<p>ou envoyer un ch\u00e8que\u00a0\u00e0 l\u2019adresse\u00a0:<\/p>\n<p>Association Marie Pire<br \/>Quartier Plessier, B\u00e2timent 15A<br \/>Avenue du 8 e R\u00e9giment de Hussards<br \/>BP10045, 68131 Altkirch.<\/p>\n<p>Un re\u00e7u fiscal vous sera envoy\u00e9.<\/p>\n<p><!-- divi:shortcode --><\/p>\n<p> <!-- \/divi:shortcode --><\/p>\n[\/et_pb_text][\/et_pb_column][\/et_pb_row][\/et_pb_section]\n\n","protected":false},"excerpt":{"rendered":"","protected":false},"author":4,"featured_media":0,"parent":0,"menu_order":0,"comment_status":"closed","ping_status":"closed","template":"","meta":{"_et_pb_use_builder":"on","_et_pb_old_content":"<!-- wp:shortcode -->\n[wpedon id=819]\n<!-- \/wp:shortcode -->","_et_gb_content_width":""},"yoast_head":"<!-- This site is optimized with the Yoast SEO plugin v15.7 - https:\/\/yoast.com\/wordpress\/plugins\/seo\/ -->\n<title>Dons et parrainage - Association Marie Pire<\/title>\n<meta name=\"robots\" content=\"index, follow, max-snippet:-1, max-image-preview:large, max-video-preview:-1\" \/>\n<link rel=\"canonical\" href=\"http:\/\/www.mariepire.fr\/index.php\/dons-et-parrainage\/\" \/>\n<meta property=\"og:locale\" content=\"fr_FR\" \/>\n<meta property=\"og:type\" content=\"article\" \/>\n<meta property=\"og:title\" content=\"Dons et parrainage - Association Marie Pire\" \/>\n<meta property=\"og:url\" content=\"http:\/\/www.mariepire.fr\/index.php\/dons-et-parrainage\/\" \/>\n<meta property=\"og:site_name\" content=\"Association Marie Pire\" \/>\n<meta property=\"article:modified_time\" content=\"2025-04-02T09:08:52+00:00\" \/>\n<meta name=\"twitter:card\" content=\"summary_large_image\" \/>\n<meta name=\"twitter:label1\" content=\"Dur\u00e9e de lecture est.\">\n\t<meta name=\"twitter:data1\" content=\"1 minute\">\n<script type=\"application\/ld+json\" class=\"yoast-schema-graph\">{\"@context\":\"https:\/\/schema.org\",\"@graph\":[{\"@type\":\"WebSite\",\"@id\":\"http:\/\/www.mariepire.fr\/#website\",\"url\":\"http:\/\/www.mariepire.fr\/\",\"name\":\"Association Marie Pire\",\"description\":\"\",\"potentialAction\":[{\"@type\":\"SearchAction\",\"target\":\"http:\/\/www.mariepire.fr\/?s={search_term_string}\",\"query-input\":\"required name=search_term_string\"}],\"inLanguage\":\"fr-FR\"},{\"@type\":\"WebPage\",\"@id\":\"http:\/\/www.mariepire.fr\/index.php\/dons-et-parrainage\/#webpage\",\"url\":\"http:\/\/www.mariepire.fr\/index.php\/dons-et-parrainage\/\",\"name\":\"Dons et parrainage - Association Marie Pire\",\"isPartOf\":{\"@id\":\"http:\/\/www.mariepire.fr\/#website\"},\"datePublished\":\"2019-11-07T14:58:10+00:00\",\"dateModified\":\"2025-04-02T09:08:52+00:00\",\"inLanguage\":\"fr-FR\",\"potentialAction\":[{\"@type\":\"ReadAction\",\"target\":[\"http:\/\/www.mariepire.fr\/index.php\/dons-et-parrainage\/\"]}]}]}<\/script>\n<!-- \/ Yoast SEO plugin. -->","_links":{"self":[{"href":"http:\/\/www.mariepire.fr\/index.php\/wp-json\/wp\/v2\/pages\/669"}],"collection":[{"href":"http:\/\/www.mariepire.fr\/index.php\/wp-json\/wp\/v2\/pages"}],"about":[{"href":"http:\/\/www.mariepire.fr\/index.php\/wp-json\/wp\/v2\/types\/page"}],"author":[{"embeddable":true,"href":"http:\/\/www.mariepire.fr\/index.php\/wp-json\/wp\/v2\/users\/4"}],"replies":[{"embeddable":true,"href":"http:\/\/www.mariepire.fr\/index.php\/wp-json\/wp\/v2\/comments?post=669"}],"version-history":[{"count":8,"href":"http:\/\/www.mariepire.fr\/index.php\/wp-json\/wp\/v2\/pages\/669\/revisions"}],"predecessor-version":[{"id":930,"href":"http:\/\/www.mariepire.fr\/index.php\/wp-json\/wp\/v2\/pages\/669\/revisions\/930"}],"wp:attachment":[{"href":"http:\/\/www.mariepire.fr\/index.php\/wp-json\/wp\/v2\/media?parent=669"}],"curies":[{"name":"wp","href":"https:\/\/api.w.org\/{rel}","templated":true}]}}