{"id":274,"date":"2018-05-09T12:01:54","date_gmt":"2018-05-09T10:01:54","guid":{"rendered":"http:\/\/idealweb.fr\/demo\/wordpress\/?page_id=274"},"modified":"2020-08-25T14:09:55","modified_gmt":"2020-08-25T12:09:55","slug":"contact","status":"publish","type":"page","link":"http:\/\/www.mariepire.fr\/index.php\/contact\/","title":{"rendered":"Contact"},"content":{"rendered":"<p>[et_pb_section fb_built=\u00a0\u00bb1&Prime; _builder_version=\u00a0\u00bb3.22&Prime; use_background_color_gradient=\u00a0\u00bbon\u00a0\u00bb background_color_gradient_start=\u00a0\u00bb#47529c\u00a0\u00bb background_color_gradient_end=\u00a0\u00bb#55a3dd\u00a0\u00bb][et_pb_row _builder_version=\u00a0\u00bb3.25&Prime;][et_pb_column type=\u00a0\u00bb4_4&Prime; _builder_version=\u00a0\u00bb3.25&Prime; custom_padding=\u00a0\u00bb|||\u00a0\u00bb custom_padding__hover=\u00a0\u00bb|||\u00a0\u00bb][et_pb_post_title meta=\u00a0\u00bboff\u00a0\u00bb featured_image=\u00a0\u00bboff\u00a0\u00bb text_color=\u00a0\u00bblight\u00a0\u00bb _builder_version=\u00a0\u00bb3.2.2&Prime; title_font_size=\u00a0\u00bb60px\u00a0\u00bb][\/et_pb_post_title][\/et_pb_column][\/et_pb_row][\/et_pb_section][et_pb_section fb_built=\u00a0\u00bb1&Prime; _builder_version=\u00a0\u00bb3.22&Prime;][et_pb_row _builder_version=\u00a0\u00bb3.25&Prime; column_structure=\u00a0\u00bb1_2,1_2&Prime;][et_pb_column type=\u00a0\u00bb1_2&Prime; _builder_version=\u00a0\u00bb3.25&Prime; custom_padding=\u00a0\u00bb|||\u00a0\u00bb custom_padding__hover=\u00a0\u00bb|||\u00a0\u00bb][et_pb_text _builder_version=\u00a0\u00bb3.26.6&Prime;]<\/p>\n<p>Le si\u00e8ge social de l&rsquo;Association est ouvert de <strong>08h \u00e0 17h du lundi au vendredi.<\/strong><\/p>\n<p><strong>Si\u00e8ge\u00a0social\u00a0de l&rsquo;Association\u00a0Marie\u00a0PIRE<\/strong><br \/> Avenue du 8\u00e8me R\u00e9giment de Hussards<br \/> Quartier Plessier &#8211; B\u00e2timent 15a &#8211; BP 45<br \/> 68130 &#8211; ALTKIRCH Cedex<br \/> T\u00e9l : 03 89 40 17 44\u00a0 Fax : 03 89 08 34 47<\/p>\n<p>Email : contact@mariepire.fr<\/p>\n<p><strong>Pour contacter directement un \u00e9tablissement :<\/strong><\/p>\n<p>[\/et_pb_text][\/et_pb_column][et_pb_column type=\u00a0\u00bb1_2&Prime; _builder_version=\u00a0\u00bb3.25&Prime; custom_padding=\u00a0\u00bb|||\u00a0\u00bb custom_padding__hover=\u00a0\u00bb|||\u00a0\u00bb][et_pb_contact_form email=\u00a0\u00bbmissions.developpements@mariepire.fr \u00a0\u00bb title=\u00a0\u00bbEcrivez-nous directement\u00a0\u00bb success_message=\u00a0\u00bbMerci, votre message a bien \u00e9t\u00e9 envoy\u00e9.\u00a0\u00bb submit_button_text=\u00a0\u00bbEnvoyer\u00a0\u00bb _builder_version=\u00a0\u00bb3.2.2&Prime; title_level=\u00a0\u00bbh2&Prime;][et_pb_contact_field field_id=\u00a0\u00bbName\u00a0\u00bb field_title=\u00a0\u00bbNom (obligatoire)\u00a0\u00bb fullwidth_field=\u00a0\u00bbon\u00a0\u00bb _builder_version=\u00a0\u00bb3.16&Prime; button_text_size__hover_enabled=\u00a0\u00bboff\u00a0\u00bb button_one_text_size__hover_enabled=\u00a0\u00bboff\u00a0\u00bb button_two_text_size__hover_enabled=\u00a0\u00bboff\u00a0\u00bb button_text_color__hover_enabled=\u00a0\u00bboff\u00a0\u00bb button_one_text_color__hover_enabled=\u00a0\u00bboff\u00a0\u00bb button_two_text_color__hover_enabled=\u00a0\u00bboff\u00a0\u00bb button_border_width__hover_enabled=\u00a0\u00bboff\u00a0\u00bb button_one_border_width__hover_enabled=\u00a0\u00bboff\u00a0\u00bb button_two_border_width__hover_enabled=\u00a0\u00bboff\u00a0\u00bb button_border_color__hover_enabled=\u00a0\u00bboff\u00a0\u00bb button_one_border_color__hover_enabled=\u00a0\u00bboff\u00a0\u00bb button_two_border_color__hover_enabled=\u00a0\u00bboff\u00a0\u00bb button_border_radius__hover_enabled=\u00a0\u00bboff\u00a0\u00bb button_one_border_radius__hover_enabled=\u00a0\u00bboff\u00a0\u00bb button_two_border_radius__hover_enabled=\u00a0\u00bboff\u00a0\u00bb button_letter_spacing__hover_enabled=\u00a0\u00bboff\u00a0\u00bb button_one_letter_spacing__hover_enabled=\u00a0\u00bboff\u00a0\u00bb button_two_letter_spacing__hover_enabled=\u00a0\u00bboff\u00a0\u00bb button_bg_color__hover_enabled=\u00a0\u00bboff\u00a0\u00bb button_one_bg_color__hover_enabled=\u00a0\u00bboff\u00a0\u00bb button_two_bg_color__hover_enabled=\u00a0\u00bboff\u00a0\u00bb][\/et_pb_contact_field][et_pb_contact_field field_id=\u00a0\u00bbEmail\u00a0\u00bb field_title=\u00a0\u00bbEmail (obligatoire)\u00a0\u00bb field_type=\u00a0\u00bbemail\u00a0\u00bb fullwidth_field=\u00a0\u00bbon\u00a0\u00bb _builder_version=\u00a0\u00bb3.16&Prime; button_text_size__hover_enabled=\u00a0\u00bboff\u00a0\u00bb button_one_text_size__hover_enabled=\u00a0\u00bboff\u00a0\u00bb button_two_text_size__hover_enabled=\u00a0\u00bboff\u00a0\u00bb button_text_color__hover_enabled=\u00a0\u00bboff\u00a0\u00bb button_one_text_color__hover_enabled=\u00a0\u00bboff\u00a0\u00bb button_two_text_color__hover_enabled=\u00a0\u00bboff\u00a0\u00bb button_border_width__hover_enabled=\u00a0\u00bboff\u00a0\u00bb button_one_border_width__hover_enabled=\u00a0\u00bboff\u00a0\u00bb button_two_border_width__hover_enabled=\u00a0\u00bboff\u00a0\u00bb button_border_color__hover_enabled=\u00a0\u00bboff\u00a0\u00bb button_one_border_color__hover_enabled=\u00a0\u00bboff\u00a0\u00bb button_two_border_color__hover_enabled=\u00a0\u00bboff\u00a0\u00bb button_border_radius__hover_enabled=\u00a0\u00bboff\u00a0\u00bb button_one_border_radius__hover_enabled=\u00a0\u00bboff\u00a0\u00bb button_two_border_radius__hover_enabled=\u00a0\u00bboff\u00a0\u00bb button_letter_spacing__hover_enabled=\u00a0\u00bboff\u00a0\u00bb button_one_letter_spacing__hover_enabled=\u00a0\u00bboff\u00a0\u00bb button_two_letter_spacing__hover_enabled=\u00a0\u00bboff\u00a0\u00bb button_bg_color__hover_enabled=\u00a0\u00bboff\u00a0\u00bb button_one_bg_color__hover_enabled=\u00a0\u00bboff\u00a0\u00bb button_two_bg_color__hover_enabled=\u00a0\u00bboff\u00a0\u00bb][\/et_pb_contact_field][et_pb_contact_field field_id=\u00a0\u00bbtel\u00a0\u00bb field_title=\u00a0\u00bbT\u00e9l\u00e9phone\u00a0\u00bb required_mark=\u00a0\u00bboff\u00a0\u00bb fullwidth_field=\u00a0\u00bbon\u00a0\u00bb _builder_version=\u00a0\u00bb3.16&Prime; button_text_size__hover_enabled=\u00a0\u00bboff\u00a0\u00bb button_one_text_size__hover_enabled=\u00a0\u00bboff\u00a0\u00bb button_two_text_size__hover_enabled=\u00a0\u00bboff\u00a0\u00bb button_text_color__hover_enabled=\u00a0\u00bboff\u00a0\u00bb button_one_text_color__hover_enabled=\u00a0\u00bboff\u00a0\u00bb button_two_text_color__hover_enabled=\u00a0\u00bboff\u00a0\u00bb button_border_width__hover_enabled=\u00a0\u00bboff\u00a0\u00bb button_one_border_width__hover_enabled=\u00a0\u00bboff\u00a0\u00bb button_two_border_width__hover_enabled=\u00a0\u00bboff\u00a0\u00bb button_border_color__hover_enabled=\u00a0\u00bboff\u00a0\u00bb button_one_border_color__hover_enabled=\u00a0\u00bboff\u00a0\u00bb button_two_border_color__hover_enabled=\u00a0\u00bboff\u00a0\u00bb button_border_radius__hover_enabled=\u00a0\u00bboff\u00a0\u00bb button_one_border_radius__hover_enabled=\u00a0\u00bboff\u00a0\u00bb button_two_border_radius__hover_enabled=\u00a0\u00bboff\u00a0\u00bb button_letter_spacing__hover_enabled=\u00a0\u00bboff\u00a0\u00bb button_one_letter_spacing__hover_enabled=\u00a0\u00bboff\u00a0\u00bb button_two_letter_spacing__hover_enabled=\u00a0\u00bboff\u00a0\u00bb button_bg_color__hover_enabled=\u00a0\u00bboff\u00a0\u00bb button_one_bg_color__hover_enabled=\u00a0\u00bboff\u00a0\u00bb button_two_bg_color__hover_enabled=\u00a0\u00bboff\u00a0\u00bb][\/et_pb_contact_field][et_pb_contact_field field_id=\u00a0\u00bbMessage\u00a0\u00bb field_title=\u00a0\u00bbMessage (obligatoire)\u00a0\u00bb field_type=\u00a0\u00bbtext\u00a0\u00bb fullwidth_field=\u00a0\u00bbon\u00a0\u00bb _builder_version=\u00a0\u00bb3.16&Prime; button_text_size__hover_enabled=\u00a0\u00bboff\u00a0\u00bb button_one_text_size__hover_enabled=\u00a0\u00bboff\u00a0\u00bb button_two_text_size__hover_enabled=\u00a0\u00bboff\u00a0\u00bb button_text_color__hover_enabled=\u00a0\u00bboff\u00a0\u00bb button_one_text_color__hover_enabled=\u00a0\u00bboff\u00a0\u00bb button_two_text_color__hover_enabled=\u00a0\u00bboff\u00a0\u00bb button_border_width__hover_enabled=\u00a0\u00bboff\u00a0\u00bb button_one_border_width__hover_enabled=\u00a0\u00bboff\u00a0\u00bb button_two_border_width__hover_enabled=\u00a0\u00bboff\u00a0\u00bb button_border_color__hover_enabled=\u00a0\u00bboff\u00a0\u00bb button_one_border_color__hover_enabled=\u00a0\u00bboff\u00a0\u00bb button_two_border_color__hover_enabled=\u00a0\u00bboff\u00a0\u00bb button_border_radius__hover_enabled=\u00a0\u00bboff\u00a0\u00bb button_one_border_radius__hover_enabled=\u00a0\u00bboff\u00a0\u00bb button_two_border_radius__hover_enabled=\u00a0\u00bboff\u00a0\u00bb button_letter_spacing__hover_enabled=\u00a0\u00bboff\u00a0\u00bb button_one_letter_spacing__hover_enabled=\u00a0\u00bboff\u00a0\u00bb button_two_letter_spacing__hover_enabled=\u00a0\u00bboff\u00a0\u00bb button_bg_color__hover_enabled=\u00a0\u00bboff\u00a0\u00bb button_one_bg_color__hover_enabled=\u00a0\u00bboff\u00a0\u00bb button_two_bg_color__hover_enabled=\u00a0\u00bboff\u00a0\u00bb][\/et_pb_contact_field][\/et_pb_contact_form][\/et_pb_column][\/et_pb_row][et_pb_row _builder_version=\u00a0\u00bb3.25&Prime; column_structure=\u00a0\u00bb1_2,1_2&Prime;][et_pb_column type=\u00a0\u00bb1_2&Prime; _builder_version=\u00a0\u00bb3.25&Prime; custom_padding=\u00a0\u00bb|||\u00a0\u00bb custom_padding__hover=\u00a0\u00bb|||\u00a0\u00bb][et_pb_text _builder_version=\u00a0\u00bb3.2.2&Prime;]<\/p>\n<p><strong><abbr title=\"Centre d\u2019Accueil de Jour\">\u00a0 CAJ<\/abbr>\u00a0&#8211;\u00a0Le CARJA<\/strong><br \/> Avenue du 8\u00e8me R\u00e9giment de Hussards &#8211; Quartier Plessier &#8211; B\u00e2timent 14<br \/> 68130 &#8211; Altkirch<br \/> T\u00e9l : 03.89.08.82.02<br \/> Fax : 03.89.70.83.37<br \/> Email : secretariat.fas-riespach@mariepire.fr<\/p>\n<p><strong><abbr title=\"Etablissement et Service d\u2019Aide par le Travail\">ESAT<\/abbr>\u00a0&#8211; Atelier de production<\/strong><br \/>52, avenur du 8\u00e8me R\u00e9giement du Hussards<br \/> 68130 &#8211; Altkirch<br \/> T\u00e9l : 03.89.40.01.00<br \/> Fax : 03.89.40.98.62<br \/> Email : <a href=\"mailto:secretariat.esat@mariepire.fr\">responsable.production@mariepire.fr<\/a><\/p>\n<p><strong style=\"font-size: 16px;\"><abbr title=\"Etablissement et Service d\u2019Aide par le Travail\">ESAT<\/abbr>\u00a0&#8211;\u00a0Les espaces verts<\/strong><\/p>\n<p>B\u00e2timent n\u00b017 Avenue du 8\u00e8me R\u00e9giment de Hussards &#8211; Quartier Plessier<br \/> 68130 &#8211; Altkirch<br \/> T\u00e9l : 03.89.08.38.86<br \/> Fax : 03.89.08.38.89<br \/> Email : responsable.espacesverts@mariepire.fr<\/p>\n<p><strong><abbr title=\"Etablissement et Service d\u2019Aide par le Travail\">ESAT<\/abbr>\u00a0&#8211;\u00a0La blanchisserie<\/strong><br \/> B\u00e2timent n\u00b017 Avenue du 8\u00e8me R\u00e9giment de Hussards &#8211; Quartier Plessier<br \/> 68130 &#8211; Altkirch<br \/> T\u00e9l : 03.89.08.38.85<br \/> Fax : 03.89.08.38.89<br \/> Email : responsable.blanchisserie@mariepire.fr<\/p>\n<p><strong><abbr title=\"Etablissement et Service d\u2019Aide par le Travail\">ESAT<\/abbr>\u00a0&#8211;\u00a0L&rsquo;\u00e9tablissement social<\/strong><br \/> 52, avenue du 8\u00e8me R\u00e9giment de Hussards<br \/> 68130 &#8211; Altkirch<br \/> T\u00e9l : 03.89.40.01.00<br \/> Fax : 03.89.40.98.62<br \/> Email :secretariat.esat@mariepire.fr<\/p>\n<p><strong><abbr title=\"Etablissement et Service d\u2019Aide par le Travail\">ESAT<\/abbr>\u00a0&#8211;\u00a0Restauration<\/strong><br \/> B\u00e2timent n\u00b012 Avenue du 8\u00e8me R\u00e9giment de Hussards &#8211; Quartier Plessier<br \/> 68130 &#8211; Altkirch<br \/> T\u00e9l : 03.89.07.94.60<br \/> Fax : 03.89.68.77.91<br \/> Email :\u00a0leplessier@mariepire.fr<\/p>\n<p>[\/et_pb_text][\/et_pb_column][et_pb_column type=\u00a0\u00bb1_2&Prime; _builder_version=\u00a0\u00bb3.25&Prime; custom_padding=\u00a0\u00bb|||\u00a0\u00bb custom_padding__hover=\u00a0\u00bb|||\u00a0\u00bb][et_pb_text _builder_version=\u00a0\u00bb3.2.2&Prime;]<strong><abbr title=\"Foyer pour Adultes Handicap\u00e9s Travailleurs\">FAHT<\/abbr>\u00a0&#8211;\u00a0Le Foyer pour Adultes Handicap\u00e9s Travailleurs<\/strong><br \/>\nAvenue du 8\u00e8me R\u00e9giment de Hussards &#8211; Quartier Plessier &#8211; B\u00e2timent 14 &#8211; BP 90044<br \/>\n68131 &#8211; Altkirch<br \/>\nT\u00e9l : 03.89.08.47.40<br \/>\nFax : 03.89.70.83.37<br \/>\nEmail : direction.mrs@mariepire.fr<\/p>\n<p><strong><abbr title=\"Foyer d'Accueil Sp\u00e9cialis\u00e9\">FAS<\/abbr>\u00a0&#8211;\u00a0La maison \u00ab Sainte Th\u00e9r\u00e8se \u00bb de Riespach et l&rsquo;extension d&rsquo;Altkirch<\/strong><br \/>\n91, route de Ferrette<br \/>\n68640 &#8211; Riespach<br \/>\nT\u00e9l : 03.89.07.79.90<br \/>\nFax : 03.89.07.91.28<br \/>\nEmail : secretariat.fas-riespach@mariepire.fr<\/p>\n<p><strong><abbr title=\"Le Foyer d'Accueil Sp\u00e9cialis\u00e9 pour Personnes Handicap\u00e9s Vieillissantes\">FASPHV<\/abbr>\u00a0&#8211;\u00a0Le Foyer d&rsquo;Accueil Sp\u00e9cialis\u00e9 pour Personnes Handicap\u00e9es Vieillissantes<\/strong><br \/>\nAvenue du 8\u00e8me R\u00e9giment de Hussards &#8211; Quartier Plessier &#8211; B\u00e2timent 14 &#8211; BP 90044<br \/>\n68131 &#8211; Altkirch<br \/>\nT\u00e9l : 03.89.08.47.40<br \/>\nFax : 03.89.08.34.47<br \/>\nEmail : direction.mrs@mariepire.fr<\/p>\n<p><strong><abbr title=\"Institut M\u00e9dico-Educatif\">IME<\/abbr>\u00a0&#8211;\u00a0L&rsquo;institut \u00ab Les Ecureuils \u00bb<\/strong><br \/>\n90, route de Ferrette<br \/>\n68640 &#8211; Riespach<br \/>\nT\u00e9l : 03.89.25.80.14<br \/>\nFax : 03.89.07.73.95<br \/>\nEmail : secretariat.ime@mariepire.fr<\/p>\n<p><strong><abbr title=\"Maison d\u2019Accueil Sp\u00e9cialis\u00e9\">MAS<\/abbr>\u00a0&#8211;\u00a0La maison \u00ab Edith Dorner \u00bb<\/strong><br \/>\n90, route de Ferrette<br \/>\n68640 &#8211; Riespach<br \/>\nT\u00e9l : 03.89.07.18.90<br \/>\nFax : 03.89.07.73.95<br \/>\nEmail : secretariat.mas@mariepire.fr[\/et_pb_text][\/et_pb_column][\/et_pb_row][\/et_pb_section]<\/p>\n","protected":false},"excerpt":{"rendered":"<p>[et_pb_section fb_built=\u00a0\u00bb1&Prime; _builder_version=\u00a0\u00bb3.22&Prime; use_background_color_gradient=\u00a0\u00bbon\u00a0\u00bb background_color_gradient_start=\u00a0\u00bb#47529c\u00a0\u00bb background_color_gradient_end=\u00a0\u00bb#55a3dd\u00a0\u00bb][et_pb_row _builder_version=\u00a0\u00bb3.25&Prime;][et_pb_column type=\u00a0\u00bb4_4&Prime; _builder_version=\u00a0\u00bb3.25&Prime; custom_padding=\u00a0\u00bb|||\u00a0\u00bb custom_padding__hover=\u00a0\u00bb|||\u00a0\u00bb][et_pb_post_title meta=\u00a0\u00bboff\u00a0\u00bb featured_image=\u00a0\u00bboff\u00a0\u00bb text_color=\u00a0\u00bblight\u00a0\u00bb _builder_version=\u00a0\u00bb3.2.2&Prime; title_font_size=\u00a0\u00bb60px\u00a0\u00bb][\/et_pb_post_title][\/et_pb_column][\/et_pb_row][\/et_pb_section][et_pb_section fb_built=\u00a0\u00bb1&Prime; _builder_version=\u00a0\u00bb3.22&Prime;][et_pb_row _builder_version=\u00a0\u00bb3.25&Prime; column_structure=\u00a0\u00bb1_2,1_2&Prime;][et_pb_column type=\u00a0\u00bb1_2&Prime; _builder_version=\u00a0\u00bb3.25&Prime; custom_padding=\u00a0\u00bb|||\u00a0\u00bb custom_padding__hover=\u00a0\u00bb|||\u00a0\u00bb][et_pb_text _builder_version=\u00a0\u00bb3.26.6&Prime;] Le si\u00e8ge social de l&rsquo;Association est ouvert de 08h \u00e0 17h du lundi au vendredi. Si\u00e8ge\u00a0social\u00a0de l&rsquo;Association\u00a0Marie\u00a0PIRE Avenue du 8\u00e8me R\u00e9giment de Hussards Quartier Plessier &#8211; B\u00e2timent 15a &#8211; BP [&hellip;]<\/p>\n","protected":false},"author":4,"featured_media":0,"parent":0,"menu_order":0,"comment_status":"closed","ping_status":"closed","template":"","meta":{"_et_pb_use_builder":"on","_et_pb_old_content":"<div class=\"page\" title=\"Page 24\"><div class=\"section\"><div class=\"layoutArea\"><div class=\"column\"><p><strong>Association Marie PIRE<br \/>Si\u00e8ge Administratif et Financier<\/strong><\/p><p>M. BUCHON Pierrick<\/p><p>Directeur G\u00e9n\u00e9ral<\/p><p>\u00a0<\/p><p>M. AZEVEDO Gaspard<\/p><p>Directeur Administratif et Financier<\/p><p>\u00a0<\/p><p>Mme REUGE Audrey<\/p><p>Charg\u00e9e de Missions et D\u00e9veloppements<\/p><p>06 79 35 08 80<\/p><p><a href=\"mailto:missions.developpements@mariepire.asso.fr\">missions.developpements@mariepire.asso.fr<\/a><\/p><div class=\"page\" title=\"Page 24\"><div class=\"section\"><div class=\"layoutArea\"><div class=\"column\"><p><strong>Adresse Si\u00e8ge Administratif<\/strong><\/p><p>Quartier Plessier \u2013 B\u00e2t. 15A<\/p><p>Avenue du 8e R\u00e9giment de Hussards<\/p><p>68130 ALTKIRCH<\/p><p>T\u00e9l\u00e9phone : 03 89 40 17 44<\/p><p>Fax : 03 89 08 34 47<\/p><p><em><a href=\"mailto:secretariat.siege@mariepire.asso.fr\">secretariat.siege@mariepire.asso.fr<\/a><\/em><\/p><\/div><\/div><div class=\"layoutArea\"><div class=\"column\"><p><a href=\"http:\/\/www.mariepire.asso.fr\">www.mariepire.asso.fr<\/a><\/p><\/div><\/div><\/div><\/div><\/div><\/div><\/div><\/div>","_et_gb_content_width":""},"yoast_head":"<!-- This site is optimized with the Yoast SEO plugin v15.7 - https:\/\/yoast.com\/wordpress\/plugins\/seo\/ -->\n<title>Contact - Association Marie Pire<\/title>\n<meta name=\"robots\" content=\"index, follow, max-snippet:-1, max-image-preview:large, max-video-preview:-1\" \/>\n<link rel=\"canonical\" href=\"http:\/\/www.mariepire.fr\/index.php\/contact\/\" \/>\n<meta property=\"og:locale\" content=\"fr_FR\" \/>\n<meta property=\"og:type\" content=\"article\" \/>\n<meta property=\"og:title\" content=\"Contact - Association Marie Pire\" \/>\n<meta property=\"og:description\" content=\"[et_pb_section fb_built=\u00a0\u00bb1&Prime; _builder_version=\u00a0\u00bb3.22&Prime; use_background_color_gradient=\u00a0\u00bbon\u00a0\u00bb background_color_gradient_start=\u00a0\u00bb#47529c\u00a0\u00bb background_color_gradient_end=\u00a0\u00bb#55a3dd\u00a0\u00bb][et_pb_row _builder_version=\u00a0\u00bb3.25&Prime;][et_pb_column type=\u00a0\u00bb4_4&Prime; _builder_version=\u00a0\u00bb3.25&Prime; custom_padding=\u00a0\u00bb|||\u00a0\u00bb custom_padding__hover=\u00a0\u00bb|||\u00a0\u00bb][et_pb_post_title meta=\u00a0\u00bboff\u00a0\u00bb featured_image=\u00a0\u00bboff\u00a0\u00bb text_color=\u00a0\u00bblight\u00a0\u00bb _builder_version=\u00a0\u00bb3.2.2&Prime; title_font_size=\u00a0\u00bb60px\u00a0\u00bb][\/et_pb_post_title][\/et_pb_column][\/et_pb_row][\/et_pb_section][et_pb_section fb_built=\u00a0\u00bb1&Prime; _builder_version=\u00a0\u00bb3.22&Prime;][et_pb_row _builder_version=\u00a0\u00bb3.25&Prime; column_structure=\u00a0\u00bb1_2,1_2&Prime;][et_pb_column type=\u00a0\u00bb1_2&Prime; _builder_version=\u00a0\u00bb3.25&Prime; custom_padding=\u00a0\u00bb|||\u00a0\u00bb custom_padding__hover=\u00a0\u00bb|||\u00a0\u00bb][et_pb_text _builder_version=\u00a0\u00bb3.26.6&Prime;] Le si\u00e8ge social de l&rsquo;Association est ouvert de 08h \u00e0 17h du lundi au vendredi. Si\u00e8ge\u00a0social\u00a0de l&rsquo;Association\u00a0Marie\u00a0PIRE Avenue du 8\u00e8me R\u00e9giment de Hussards Quartier Plessier &#8211; B\u00e2timent 15a &#8211; BP [&hellip;]\" \/>\n<meta property=\"og:url\" content=\"http:\/\/www.mariepire.fr\/index.php\/contact\/\" \/>\n<meta property=\"og:site_name\" content=\"Association Marie Pire\" \/>\n<meta property=\"article:modified_time\" content=\"2020-08-25T12:09:55+00:00\" \/>\n<meta name=\"twitter:card\" content=\"summary_large_image\" \/>\n<meta name=\"twitter:label1\" content=\"Dur\u00e9e de lecture est.\">\n\t<meta name=\"twitter:data1\" content=\"6 minutes\">\n<script type=\"application\/ld+json\" class=\"yoast-schema-graph\">{\"@context\":\"https:\/\/schema.org\",\"@graph\":[{\"@type\":\"WebSite\",\"@id\":\"http:\/\/www.mariepire.fr\/#website\",\"url\":\"http:\/\/www.mariepire.fr\/\",\"name\":\"Association Marie Pire\",\"description\":\"\",\"potentialAction\":[{\"@type\":\"SearchAction\",\"target\":\"http:\/\/www.mariepire.fr\/?s={search_term_string}\",\"query-input\":\"required name=search_term_string\"}],\"inLanguage\":\"fr-FR\"},{\"@type\":\"WebPage\",\"@id\":\"http:\/\/www.mariepire.fr\/index.php\/contact\/#webpage\",\"url\":\"http:\/\/www.mariepire.fr\/index.php\/contact\/\",\"name\":\"Contact - Association Marie Pire\",\"isPartOf\":{\"@id\":\"http:\/\/www.mariepire.fr\/#website\"},\"datePublished\":\"2018-05-09T10:01:54+00:00\",\"dateModified\":\"2020-08-25T12:09:55+00:00\",\"inLanguage\":\"fr-FR\",\"potentialAction\":[{\"@type\":\"ReadAction\",\"target\":[\"http:\/\/www.mariepire.fr\/index.php\/contact\/\"]}]}]}<\/script>\n<!-- \/ Yoast SEO plugin. -->","_links":{"self":[{"href":"http:\/\/www.mariepire.fr\/index.php\/wp-json\/wp\/v2\/pages\/274"}],"collection":[{"href":"http:\/\/www.mariepire.fr\/index.php\/wp-json\/wp\/v2\/pages"}],"about":[{"href":"http:\/\/www.mariepire.fr\/index.php\/wp-json\/wp\/v2\/types\/page"}],"author":[{"embeddable":true,"href":"http:\/\/www.mariepire.fr\/index.php\/wp-json\/wp\/v2\/users\/4"}],"replies":[{"embeddable":true,"href":"http:\/\/www.mariepire.fr\/index.php\/wp-json\/wp\/v2\/comments?post=274"}],"version-history":[{"count":5,"href":"http:\/\/www.mariepire.fr\/index.php\/wp-json\/wp\/v2\/pages\/274\/revisions"}],"predecessor-version":[{"id":879,"href":"http:\/\/www.mariepire.fr\/index.php\/wp-json\/wp\/v2\/pages\/274\/revisions\/879"}],"wp:attachment":[{"href":"http:\/\/www.mariepire.fr\/index.php\/wp-json\/wp\/v2\/media?parent=274"}],"curies":[{"name":"wp","href":"https:\/\/api.w.org\/{rel}","templated":true}]}}