{"id":272,"date":"2018-05-09T12:01:54","date_gmt":"2018-05-09T10:01:54","guid":{"rendered":"http:\/\/idealweb.fr\/demo\/wordpress\/?page_id=272"},"modified":"2018-06-01T13:04:12","modified_gmt":"2018-06-01T11:04:12","slug":"les-sigles-et-abreviations","status":"publish","type":"page","link":"http:\/\/www.mariepire.fr\/index.php\/les-sigles-et-abreviations\/","title":{"rendered":"Les sigles et abr\u00e9viations"},"content":{"rendered":"<p>[et_pb_section bb_built=\u00a0\u00bb1&Prime; specialty=\u00a0\u00bboff\u00a0\u00bb _builder_version=\u00a0\u00bb3.2.2&Prime; gutter_width=\u00a0\u00bb2&Prime; next_background_color=\u00a0\u00bb#ffffff\u00a0\u00bb background_color_gradient_start=\u00a0\u00bb#47529c\u00a0\u00bb background_color_gradient_end=\u00a0\u00bb#55a3dd\u00a0\u00bb use_background_color_gradient=\u00a0\u00bbon\u00a0\u00bb][et_pb_row _builder_version=\u00a0\u00bb3.2.2&Prime; gutter_width=\u00a0\u00bb2&Prime;][et_pb_column type=\u00a0\u00bb4_4&Prime;][et_pb_post_title _builder_version=\u00a0\u00bb3.2.2&Prime; meta=\u00a0\u00bboff\u00a0\u00bb featured_image=\u00a0\u00bboff\u00a0\u00bb text_color=\u00a0\u00bblight\u00a0\u00bb title_font_size=\u00a0\u00bb60px\u00a0\u00bb \/][\/et_pb_column][\/et_pb_row][\/et_pb_section][et_pb_section bb_built=\u00a0\u00bb1&Prime; prev_background_color=\u00a0\u00bb#000000&Prime;][et_pb_row][et_pb_column type=\u00a0\u00bb4_4&Prime;][et_pb_text]<\/p>\n<div class=\"page\" title=\"Page 23\">\n<div class=\"section\">\n<div class=\"layoutArea\">\n<div class=\"column\">\n<p><strong>C.A.R.J.A. <\/strong>: Centre d\u2019Accueil et de Rencontre de Jour<\/p>\n<p><strong>C.A.T. <\/strong>: Centre d\u2019Aide par le TravailE.S.A.T. : Etablissement ou Service d\u2019Aide par le Travail<\/p>\n<p><strong>F.A.H.G. <\/strong>: Foyer pour Adultes Handicap\u00e9s Graves<\/p>\n<p><strong>F.A.H.T. <\/strong>: Foyer pour Adultes Handicap\u00e9s Travailleurs<\/p>\n<p><strong>F.A.S. <\/strong>: Foyer d\u2019Accueil Sp\u00e9cialis\u00e9<\/p>\n<p><strong>F.A.S.P.H.V. <\/strong>: Foyer d\u2019Accueil Sp\u00e9cialis\u00e9 pour personnes Handicap\u00e9es Vieillissantes<\/p>\n<p><strong>I.M.E. <\/strong>: Institut M\u00e9dico-Educatif<\/p>\n<p><strong>M.A.S.<\/strong> : Maison d\u2019Accueil Sp\u00e9cialis\u00e9e<\/p>\n<\/div>\n<\/div>\n<\/div>\n<\/div>\n<p>[\/et_pb_text][\/et_pb_column][\/et_pb_row][\/et_pb_section]<\/p>\n","protected":false},"excerpt":{"rendered":"<p>[et_pb_section bb_built=\u00a0\u00bb1&Prime; specialty=\u00a0\u00bboff\u00a0\u00bb _builder_version=\u00a0\u00bb3.2.2&Prime; gutter_width=\u00a0\u00bb2&Prime; next_background_color=\u00a0\u00bb#ffffff\u00a0\u00bb background_color_gradient_start=\u00a0\u00bb#47529c\u00a0\u00bb background_color_gradient_end=\u00a0\u00bb#55a3dd\u00a0\u00bb use_background_color_gradient=\u00a0\u00bbon\u00a0\u00bb][et_pb_row _builder_version=\u00a0\u00bb3.2.2&Prime; gutter_width=\u00a0\u00bb2&Prime;][et_pb_column type=\u00a0\u00bb4_4&Prime;][et_pb_post_title _builder_version=\u00a0\u00bb3.2.2&Prime; meta=\u00a0\u00bboff\u00a0\u00bb featured_image=\u00a0\u00bboff\u00a0\u00bb text_color=\u00a0\u00bblight\u00a0\u00bb title_font_size=\u00a0\u00bb60px\u00a0\u00bb \/][\/et_pb_column][\/et_pb_row][\/et_pb_section][et_pb_section bb_built=\u00a0\u00bb1&Prime; prev_background_color=\u00a0\u00bb#000000&Prime;][et_pb_row][et_pb_column type=\u00a0\u00bb4_4&Prime;][et_pb_text] C.A.R.J.A. : Centre d\u2019Accueil et de Rencontre de Jour C.A.T. : Centre d\u2019Aide par le TravailE.S.A.T. : Etablissement ou Service d\u2019Aide par le Travail F.A.H.G. : Foyer pour Adultes Handicap\u00e9s Graves F.A.H.T. : Foyer [&hellip;]<\/p>\n","protected":false},"author":4,"featured_media":0,"parent":0,"menu_order":0,"comment_status":"closed","ping_status":"closed","template":"","meta":{"_et_pb_use_builder":"on","_et_pb_old_content":"<div class=\"page\" title=\"Page 23\"><div class=\"section\"><div class=\"layoutArea\"><div class=\"column\"><p><strong>C.A.R.J.A. <\/strong>: Centre d\u2019Accueil et de Rencontre de Jour<\/p><p><strong>C.A.T. <\/strong>: Centre d\u2019Aide par le TravailE.S.A.T. : Etablissement ou Service d\u2019Aide par le Travail<\/p><p><strong>F.A.H.G. <\/strong>: Foyer pour Adultes Handicap\u00e9s Graves<\/p><p><strong>F.A.H.T. <\/strong>: Foyer pour Adultes Handicap\u00e9s Travailleurs<\/p><p><strong>F.A.S. <\/strong>: Foyer d\u2019Accueil Sp\u00e9cialis\u00e9<\/p><p><strong>F.A.S.P.H.V. <\/strong>: Foyer d\u2019Accueil Sp\u00e9cialis\u00e9 pour personnes Handicap\u00e9es Vieillissantes<\/p><p><strong>I.M.E. <\/strong>: Institut M\u00e9dico-Educatif<\/p><p><strong>M.A.S.<\/strong> : Maison d\u2019Accueil Sp\u00e9cialis\u00e9e<\/p><\/div><\/div><\/div><\/div>","_et_gb_content_width":""},"yoast_head":"<!-- This site is optimized with the Yoast SEO plugin v15.7 - https:\/\/yoast.com\/wordpress\/plugins\/seo\/ -->\n<title>Les sigles et abr\u00e9viations - Association Marie Pire<\/title>\n<meta name=\"robots\" content=\"index, follow, max-snippet:-1, max-image-preview:large, max-video-preview:-1\" \/>\n<link rel=\"canonical\" href=\"http:\/\/www.mariepire.fr\/index.php\/les-sigles-et-abreviations\/\" \/>\n<meta property=\"og:locale\" content=\"fr_FR\" \/>\n<meta property=\"og:type\" content=\"article\" \/>\n<meta property=\"og:title\" content=\"Les sigles et abr\u00e9viations - Association Marie Pire\" \/>\n<meta property=\"og:description\" content=\"[et_pb_section bb_built=\u00a0\u00bb1&Prime; specialty=\u00a0\u00bboff\u00a0\u00bb _builder_version=\u00a0\u00bb3.2.2&Prime; gutter_width=\u00a0\u00bb2&Prime; next_background_color=\u00a0\u00bb#ffffff\u00a0\u00bb background_color_gradient_start=\u00a0\u00bb#47529c\u00a0\u00bb background_color_gradient_end=\u00a0\u00bb#55a3dd\u00a0\u00bb use_background_color_gradient=\u00a0\u00bbon\u00a0\u00bb][et_pb_row _builder_version=\u00a0\u00bb3.2.2&Prime; gutter_width=\u00a0\u00bb2&Prime;][et_pb_column type=\u00a0\u00bb4_4&Prime;][et_pb_post_title _builder_version=\u00a0\u00bb3.2.2&Prime; meta=\u00a0\u00bboff\u00a0\u00bb featured_image=\u00a0\u00bboff\u00a0\u00bb text_color=\u00a0\u00bblight\u00a0\u00bb title_font_size=\u00a0\u00bb60px\u00a0\u00bb \/][\/et_pb_column][\/et_pb_row][\/et_pb_section][et_pb_section bb_built=\u00a0\u00bb1&Prime; prev_background_color=\u00a0\u00bb#000000&Prime;][et_pb_row][et_pb_column type=\u00a0\u00bb4_4&Prime;][et_pb_text] C.A.R.J.A. : Centre d\u2019Accueil et de Rencontre de Jour C.A.T. : Centre d\u2019Aide par le TravailE.S.A.T. : Etablissement ou Service d\u2019Aide par le Travail F.A.H.G. : Foyer pour Adultes Handicap\u00e9s Graves F.A.H.T. : Foyer [&hellip;]\" \/>\n<meta property=\"og:url\" content=\"http:\/\/www.mariepire.fr\/index.php\/les-sigles-et-abreviations\/\" \/>\n<meta property=\"og:site_name\" content=\"Association Marie Pire\" \/>\n<meta property=\"article:modified_time\" content=\"2018-06-01T11:04:12+00:00\" \/>\n<meta name=\"twitter:card\" content=\"summary_large_image\" \/>\n<meta name=\"twitter:label1\" content=\"Dur\u00e9e de lecture est.\">\n\t<meta name=\"twitter:data1\" content=\"1 minute\">\n<script type=\"application\/ld+json\" class=\"yoast-schema-graph\">{\"@context\":\"https:\/\/schema.org\",\"@graph\":[{\"@type\":\"WebSite\",\"@id\":\"http:\/\/www.mariepire.fr\/#website\",\"url\":\"http:\/\/www.mariepire.fr\/\",\"name\":\"Association Marie Pire\",\"description\":\"\",\"potentialAction\":[{\"@type\":\"SearchAction\",\"target\":\"http:\/\/www.mariepire.fr\/?s={search_term_string}\",\"query-input\":\"required name=search_term_string\"}],\"inLanguage\":\"fr-FR\"},{\"@type\":\"WebPage\",\"@id\":\"http:\/\/www.mariepire.fr\/index.php\/les-sigles-et-abreviations\/#webpage\",\"url\":\"http:\/\/www.mariepire.fr\/index.php\/les-sigles-et-abreviations\/\",\"name\":\"Les sigles et abr\\u00e9viations - Association Marie Pire\",\"isPartOf\":{\"@id\":\"http:\/\/www.mariepire.fr\/#website\"},\"datePublished\":\"2018-05-09T10:01:54+00:00\",\"dateModified\":\"2018-06-01T11:04:12+00:00\",\"inLanguage\":\"fr-FR\",\"potentialAction\":[{\"@type\":\"ReadAction\",\"target\":[\"http:\/\/www.mariepire.fr\/index.php\/les-sigles-et-abreviations\/\"]}]}]}<\/script>\n<!-- \/ Yoast SEO plugin. -->","_links":{"self":[{"href":"http:\/\/www.mariepire.fr\/index.php\/wp-json\/wp\/v2\/pages\/272"}],"collection":[{"href":"http:\/\/www.mariepire.fr\/index.php\/wp-json\/wp\/v2\/pages"}],"about":[{"href":"http:\/\/www.mariepire.fr\/index.php\/wp-json\/wp\/v2\/types\/page"}],"author":[{"embeddable":true,"href":"http:\/\/www.mariepire.fr\/index.php\/wp-json\/wp\/v2\/users\/4"}],"replies":[{"embeddable":true,"href":"http:\/\/www.mariepire.fr\/index.php\/wp-json\/wp\/v2\/comments?post=272"}],"version-history":[{"count":0,"href":"http:\/\/www.mariepire.fr\/index.php\/wp-json\/wp\/v2\/pages\/272\/revisions"}],"wp:attachment":[{"href":"http:\/\/www.mariepire.fr\/index.php\/wp-json\/wp\/v2\/media?parent=272"}],"curies":[{"name":"wp","href":"https:\/\/api.w.org\/{rel}","templated":true}]}}