{"id":270,"date":"2018-05-09T12:01:54","date_gmt":"2018-05-09T10:01:54","guid":{"rendered":"http:\/\/idealweb.fr\/demo\/wordpress\/?page_id=270"},"modified":"2018-07-19T11:15:11","modified_gmt":"2018-07-19T09:15:11","slug":"le-pole-de-formations-et-dechanges-2","status":"publish","type":"page","link":"http:\/\/www.mariepire.fr\/index.php\/le-pole-de-formations-et-dechanges-2\/","title":{"rendered":"Le P\u00f4le de Formations et d&rsquo;\u00c9changes"},"content":{"rendered":"<p>[et_pb_section bb_built=\u00a0\u00bb1&Prime; specialty=\u00a0\u00bboff\u00a0\u00bb _builder_version=\u00a0\u00bb3.2.2&Prime; gutter_width=\u00a0\u00bb2&Prime; next_background_color=\u00a0\u00bb#ffffff\u00a0\u00bb background_color_gradient_start=\u00a0\u00bb#47529c\u00a0\u00bb background_color_gradient_end=\u00a0\u00bb#55a3dd\u00a0\u00bb use_background_color_gradient=\u00a0\u00bbon\u00a0\u00bb][et_pb_row _builder_version=\u00a0\u00bb3.2.2&Prime; gutter_width=\u00a0\u00bb2&Prime;][et_pb_column type=\u00a0\u00bb4_4&Prime;][et_pb_post_title _builder_version=\u00a0\u00bb3.2.2&Prime; meta=\u00a0\u00bboff\u00a0\u00bb featured_image=\u00a0\u00bboff\u00a0\u00bb text_color=\u00a0\u00bblight\u00a0\u00bb title_font_size=\u00a0\u00bb60px\u00a0\u00bb \/][\/et_pb_column][\/et_pb_row][\/et_pb_section][et_pb_section bb_built=\u00a0\u00bb1&Prime; prev_background_color=\u00a0\u00bb#000000&Prime;][et_pb_row][et_pb_column type=\u00a0\u00bb4_4&Prime;][et_pb_image _builder_version=\u00a0\u00bb3.9&Prime; src=\u00a0\u00bbhttp:\/\/www.mariepire.fr\/wp-content\/uploads\/2018\/05\/formation-poletamine-20180220-8943.jpg\u00a0\u00bb \/][et_pb_text _builder_version=\u00a0\u00bb3.2.2&Prime;]<\/p>\n<div class=\"page\" title=\"Page 22\">\n<div class=\"section\">\n<div class=\"layoutArea\">\n<div class=\"column\">\n<h2><strong>Offre de formation :<\/strong><\/h2>\n<ul>\n<li>Social \/ m\u00e9dico-social : personne \u00e2g\u00e9es, personnes hospitalis\u00e9e, handicap, accompagnement, soin palliatif, mort , vieillissement, sexualit\u00e9, addictions, contraceptions,\u00a0insertion sociale, &#8230;<\/li>\n<li>Param\u00e9dicale : nutrition, \u00e9quith\u00e9rapie, sophrologie,<\/li>\n<li>Kin\u00e9siologie, huile essentielle &#8230;.<\/li>\n<li>Bureautique<\/li>\n<li>Management<\/li>\n<li>Marketing commercial<\/li>\n<li>S\u00e9curit\u00e9 \/ Incendie \/ pr\u00e9vention des risques<\/li>\n<li>Secr\u00e9tariat \/ comptabilit\u00e9<\/li>\n<li>Juridique<\/li>\n<li>Gestion des conflits<\/li>\n<li>Bien-\u00eatre au travail<\/li>\n<li>Communication<\/li>\n<li>D\u00e9veloppement personnel<\/li>\n<\/ul>\n<\/div>\n<\/div>\n<\/div>\n<\/div>\n<p>[\/et_pb_text][\/et_pb_column][\/et_pb_row][\/et_pb_section]<\/p>\n","protected":false},"excerpt":{"rendered":"<p>[et_pb_section bb_built=\u00a0\u00bb1&Prime; specialty=\u00a0\u00bboff\u00a0\u00bb _builder_version=\u00a0\u00bb3.2.2&Prime; gutter_width=\u00a0\u00bb2&Prime; next_background_color=\u00a0\u00bb#ffffff\u00a0\u00bb background_color_gradient_start=\u00a0\u00bb#47529c\u00a0\u00bb background_color_gradient_end=\u00a0\u00bb#55a3dd\u00a0\u00bb use_background_color_gradient=\u00a0\u00bbon\u00a0\u00bb][et_pb_row _builder_version=\u00a0\u00bb3.2.2&Prime; gutter_width=\u00a0\u00bb2&Prime;][et_pb_column type=\u00a0\u00bb4_4&Prime;][et_pb_post_title _builder_version=\u00a0\u00bb3.2.2&Prime; meta=\u00a0\u00bboff\u00a0\u00bb featured_image=\u00a0\u00bboff\u00a0\u00bb text_color=\u00a0\u00bblight\u00a0\u00bb title_font_size=\u00a0\u00bb60px\u00a0\u00bb \/][\/et_pb_column][\/et_pb_row][\/et_pb_section][et_pb_section bb_built=\u00a0\u00bb1&Prime; prev_background_color=\u00a0\u00bb#000000&Prime;][et_pb_row][et_pb_column type=\u00a0\u00bb4_4&Prime;][et_pb_image _builder_version=\u00a0\u00bb3.9&Prime; src=\u00a0\u00bbhttp:\/\/www.mariepire.fr\/wp-content\/uploads\/2018\/05\/formation-poletamine-20180220-8943.jpg\u00a0\u00bb \/][et_pb_text _builder_version=\u00a0\u00bb3.2.2&Prime;] Offre de formation : Social \/ m\u00e9dico-social : personne \u00e2g\u00e9es, personnes hospitalis\u00e9e, handicap, accompagnement, soin palliatif, mort , vieillissement, sexualit\u00e9, addictions, contraceptions,\u00a0insertion sociale, &#8230; Param\u00e9dicale : nutrition, \u00e9quith\u00e9rapie, sophrologie, Kin\u00e9siologie, [&hellip;]<\/p>\n","protected":false},"author":4,"featured_media":0,"parent":0,"menu_order":0,"comment_status":"closed","ping_status":"closed","template":"","meta":{"_et_pb_use_builder":"on","_et_pb_old_content":"<div class=\"page\" title=\"Page 22\"><div class=\"section\"><div class=\"layoutArea\"><div class=\"column\"><h2><strong>Offre de formation :<\/strong><\/h2><ul><li>Social \/ m\u00e9dico-social : personne \u00e2g\u00e9es, personnes hospitalis\u00e9e, handicap, accompagnement, soin palliatif, mort , vieillissement, sexualit\u00e9, addictions, contraceptions,\u00a0insertion sociale, ...<\/li><li>Param\u00e9dicale : nutrition, \u00e9quith\u00e9rapie, sophrologie,<\/li><li>Kin\u00e9siologie, huile essentielle ....<\/li><li>Bureautique<\/li><li>Management<\/li><li>Marketing commercial<\/li><li>S\u00e9curit\u00e9 \/ Incendie \/ pr\u00e9vention des risques<\/li><li>Secr\u00e9tariat \/ comptabilit\u00e9<\/li><li>Juridique<\/li><li>Gestion des conflits<\/li><li>Bien-\u00eatre au travail<\/li><li>Communication<\/li><li>D\u00e9veloppement personnel<\/li><\/ul><\/div><\/div><\/div><\/div>","_et_gb_content_width":""},"yoast_head":"<!-- This site is optimized with the Yoast SEO plugin v15.7 - https:\/\/yoast.com\/wordpress\/plugins\/seo\/ -->\n<title>Le P\u00f4le de Formations et d&#039;\u00c9changes - Association Marie Pire<\/title>\n<meta name=\"robots\" content=\"index, follow, max-snippet:-1, max-image-preview:large, max-video-preview:-1\" \/>\n<link rel=\"canonical\" href=\"http:\/\/www.mariepire.fr\/index.php\/le-pole-de-formations-et-dechanges-2\/\" \/>\n<meta property=\"og:locale\" content=\"fr_FR\" \/>\n<meta property=\"og:type\" content=\"article\" \/>\n<meta property=\"og:title\" content=\"Le P\u00f4le de Formations et d&#039;\u00c9changes - Association Marie Pire\" \/>\n<meta property=\"og:description\" content=\"[et_pb_section bb_built=\u00a0\u00bb1&Prime; specialty=\u00a0\u00bboff\u00a0\u00bb _builder_version=\u00a0\u00bb3.2.2&Prime; gutter_width=\u00a0\u00bb2&Prime; next_background_color=\u00a0\u00bb#ffffff\u00a0\u00bb background_color_gradient_start=\u00a0\u00bb#47529c\u00a0\u00bb background_color_gradient_end=\u00a0\u00bb#55a3dd\u00a0\u00bb use_background_color_gradient=\u00a0\u00bbon\u00a0\u00bb][et_pb_row _builder_version=\u00a0\u00bb3.2.2&Prime; gutter_width=\u00a0\u00bb2&Prime;][et_pb_column type=\u00a0\u00bb4_4&Prime;][et_pb_post_title _builder_version=\u00a0\u00bb3.2.2&Prime; meta=\u00a0\u00bboff\u00a0\u00bb featured_image=\u00a0\u00bboff\u00a0\u00bb text_color=\u00a0\u00bblight\u00a0\u00bb title_font_size=\u00a0\u00bb60px\u00a0\u00bb \/][\/et_pb_column][\/et_pb_row][\/et_pb_section][et_pb_section bb_built=\u00a0\u00bb1&Prime; prev_background_color=\u00a0\u00bb#000000&Prime;][et_pb_row][et_pb_column type=\u00a0\u00bb4_4&Prime;][et_pb_image _builder_version=\u00a0\u00bb3.9&Prime; src=\u00a0\u00bbhttp:\/\/www.mariepire.fr\/wp-content\/uploads\/2018\/05\/formation-poletamine-20180220-8943.jpg\u00a0\u00bb \/][et_pb_text _builder_version=\u00a0\u00bb3.2.2&Prime;] Offre de formation : Social \/ m\u00e9dico-social : personne \u00e2g\u00e9es, personnes hospitalis\u00e9e, handicap, accompagnement, soin palliatif, mort , vieillissement, sexualit\u00e9, addictions, contraceptions,\u00a0insertion sociale, &#8230; Param\u00e9dicale : nutrition, \u00e9quith\u00e9rapie, sophrologie, Kin\u00e9siologie, [&hellip;]\" \/>\n<meta property=\"og:url\" content=\"http:\/\/www.mariepire.fr\/index.php\/le-pole-de-formations-et-dechanges-2\/\" \/>\n<meta property=\"og:site_name\" content=\"Association Marie Pire\" \/>\n<meta property=\"article:modified_time\" content=\"2018-07-19T09:15:11+00:00\" \/>\n<meta name=\"twitter:card\" content=\"summary_large_image\" \/>\n<meta name=\"twitter:label1\" content=\"Dur\u00e9e de lecture est.\">\n\t<meta name=\"twitter:data1\" content=\"1 minute\">\n<script type=\"application\/ld+json\" class=\"yoast-schema-graph\">{\"@context\":\"https:\/\/schema.org\",\"@graph\":[{\"@type\":\"WebSite\",\"@id\":\"http:\/\/www.mariepire.fr\/#website\",\"url\":\"http:\/\/www.mariepire.fr\/\",\"name\":\"Association Marie Pire\",\"description\":\"\",\"potentialAction\":[{\"@type\":\"SearchAction\",\"target\":\"http:\/\/www.mariepire.fr\/?s={search_term_string}\",\"query-input\":\"required name=search_term_string\"}],\"inLanguage\":\"fr-FR\"},{\"@type\":\"WebPage\",\"@id\":\"http:\/\/www.mariepire.fr\/index.php\/le-pole-de-formations-et-dechanges-2\/#webpage\",\"url\":\"http:\/\/www.mariepire.fr\/index.php\/le-pole-de-formations-et-dechanges-2\/\",\"name\":\"Le P\\u00f4le de Formations et d'\\u00c9changes - Association Marie Pire\",\"isPartOf\":{\"@id\":\"http:\/\/www.mariepire.fr\/#website\"},\"datePublished\":\"2018-05-09T10:01:54+00:00\",\"dateModified\":\"2018-07-19T09:15:11+00:00\",\"inLanguage\":\"fr-FR\",\"potentialAction\":[{\"@type\":\"ReadAction\",\"target\":[\"http:\/\/www.mariepire.fr\/index.php\/le-pole-de-formations-et-dechanges-2\/\"]}]}]}<\/script>\n<!-- \/ Yoast SEO plugin. -->","_links":{"self":[{"href":"http:\/\/www.mariepire.fr\/index.php\/wp-json\/wp\/v2\/pages\/270"}],"collection":[{"href":"http:\/\/www.mariepire.fr\/index.php\/wp-json\/wp\/v2\/pages"}],"about":[{"href":"http:\/\/www.mariepire.fr\/index.php\/wp-json\/wp\/v2\/types\/page"}],"author":[{"embeddable":true,"href":"http:\/\/www.mariepire.fr\/index.php\/wp-json\/wp\/v2\/users\/4"}],"replies":[{"embeddable":true,"href":"http:\/\/www.mariepire.fr\/index.php\/wp-json\/wp\/v2\/comments?post=270"}],"version-history":[{"count":2,"href":"http:\/\/www.mariepire.fr\/index.php\/wp-json\/wp\/v2\/pages\/270\/revisions"}],"predecessor-version":[{"id":655,"href":"http:\/\/www.mariepire.fr\/index.php\/wp-json\/wp\/v2\/pages\/270\/revisions\/655"}],"wp:attachment":[{"href":"http:\/\/www.mariepire.fr\/index.php\/wp-json\/wp\/v2\/media?parent=270"}],"curies":[{"name":"wp","href":"https:\/\/api.w.org\/{rel}","templated":true}]}}