{"id":266,"date":"2018-05-09T12:01:54","date_gmt":"2018-05-09T10:01:54","guid":{"rendered":"http:\/\/idealweb.fr\/demo\/wordpress\/?page_id=266"},"modified":"2018-06-01T13:03:06","modified_gmt":"2018-06-01T11:03:06","slug":"le-siege-social","status":"publish","type":"page","link":"http:\/\/www.mariepire.fr\/index.php\/le-siege-social\/","title":{"rendered":"Le Si\u00e8ge Social"},"content":{"rendered":"<p>[et_pb_section bb_built=\u00a0\u00bb1&Prime; specialty=\u00a0\u00bboff\u00a0\u00bb _builder_version=\u00a0\u00bb3.2.2&Prime; gutter_width=\u00a0\u00bb2&Prime; next_background_color=\u00a0\u00bb#ffffff\u00a0\u00bb background_color_gradient_start=\u00a0\u00bb#47529c\u00a0\u00bb background_color_gradient_end=\u00a0\u00bb#55a3dd\u00a0\u00bb use_background_color_gradient=\u00a0\u00bbon\u00a0\u00bb][et_pb_row _builder_version=\u00a0\u00bb3.2.2&Prime; gutter_width=\u00a0\u00bb2&Prime;][et_pb_column type=\u00a0\u00bb4_4&Prime;][et_pb_post_title _builder_version=\u00a0\u00bb3.2.2&Prime; meta=\u00a0\u00bboff\u00a0\u00bb featured_image=\u00a0\u00bboff\u00a0\u00bb text_color=\u00a0\u00bblight\u00a0\u00bb title_font_size=\u00a0\u00bb60px\u00a0\u00bb \/][\/et_pb_column][\/et_pb_row][\/et_pb_section][et_pb_section bb_built=\u00a0\u00bb1&Prime; prev_background_color=\u00a0\u00bb#000000&Prime;][et_pb_row][et_pb_column type=\u00a0\u00bb4_4&Prime;][et_pb_text _builder_version=\u00a0\u00bb3.2.2&Prime;]<\/p>\n<div class=\"page\" title=\"Page 20\">\n<div class=\"section\">\n<div class=\"layoutArea\">\n<div class=\"column\">\n<p>Il centralise toute l\u2019administration et les finances de toutes les structures de\u00a0l\u2019Association Marie PIRE.<\/p>\n<p>En date du 04 Juin 1992, le minist\u00e8re des Affaires Sociales et de l\u2019Int\u00e9gration donnait son accord pour la reconnaissance des frais de si\u00e8ge Social de l\u2019Association Marie PIRE. Depuis donc pr\u00e8s de 19 ann\u00e9es, le Si\u00e8ge Social de l\u2019Association Marie PIRE est pr\u00e9sent au quotidien au service des \u00e9tablissements.<\/p>\n<p>Les nouvelles obligations permettent d\u2019en optimiser l\u2019organisation g\u00e9n\u00e9rale, de tendre vers une meilleure ma\u00eetrise des process et une plus grande efficacit\u00e9 de l\u2019ensemble. De plus, le fait de centraliser diff\u00e9rents services sur le Si\u00e8ge cela donne lieu \u00e0 une coordination et un contr\u00f4le permanent sur les \u00e9tablissements.<\/p>\n<p>Le Si\u00e8ge dispose d\u2019un certain nombre de d\u00e9l\u00e9gations dont certaines positionnent le Si\u00e8ge en tant qu\u2019organe titulaire, organe d\u00e9l\u00e9gatoire du pouvoir et comme intervenant privil\u00e9gi\u00e9 sur le territoire.<\/p>\n<p>L\u2019opportunit\u00e9 de d\u00e9m\u00e9nagement du Si\u00e8ge initialement situ\u00e9 au 2 rue de Hirtzbach \u00e0 Altkirch pour int\u00e9grer le 3\u00e8me \u00e9tage d\u2019un b\u00e2timent au sein du Quartier Plessier permet \u00e9galement une \u00e9volution positive des postes de travail pour l\u2019ensemble du personnel du Si\u00e8ge et diff\u00e9rentes salles de r\u00e9union \u00e0 disposition tant du Si\u00e8ge que de\u00a0l\u2019ensemble des \u00e9tablissements de l\u2019Association Marie PIRE.<\/p>\n<p>De plus, l\u2019Association dispose \u00e9galement de son bureau, de la salle du Conseil\u00a0d\u2019Administration ainsi que du bureau pour le Pr\u00e9sident.<\/p>\n<\/div>\n<\/div>\n<\/div>\n<\/div>\n<p>[\/et_pb_text][\/et_pb_column][\/et_pb_row][\/et_pb_section]<\/p>\n","protected":false},"excerpt":{"rendered":"<p>[et_pb_section bb_built=\u00a0\u00bb1&Prime; specialty=\u00a0\u00bboff\u00a0\u00bb _builder_version=\u00a0\u00bb3.2.2&Prime; gutter_width=\u00a0\u00bb2&Prime; next_background_color=\u00a0\u00bb#ffffff\u00a0\u00bb background_color_gradient_start=\u00a0\u00bb#47529c\u00a0\u00bb background_color_gradient_end=\u00a0\u00bb#55a3dd\u00a0\u00bb use_background_color_gradient=\u00a0\u00bbon\u00a0\u00bb][et_pb_row _builder_version=\u00a0\u00bb3.2.2&Prime; gutter_width=\u00a0\u00bb2&Prime;][et_pb_column type=\u00a0\u00bb4_4&Prime;][et_pb_post_title _builder_version=\u00a0\u00bb3.2.2&Prime; meta=\u00a0\u00bboff\u00a0\u00bb featured_image=\u00a0\u00bboff\u00a0\u00bb text_color=\u00a0\u00bblight\u00a0\u00bb title_font_size=\u00a0\u00bb60px\u00a0\u00bb \/][\/et_pb_column][\/et_pb_row][\/et_pb_section][et_pb_section bb_built=\u00a0\u00bb1&Prime; prev_background_color=\u00a0\u00bb#000000&Prime;][et_pb_row][et_pb_column type=\u00a0\u00bb4_4&Prime;][et_pb_text _builder_version=\u00a0\u00bb3.2.2&Prime;] Il centralise toute l\u2019administration et les finances de toutes les structures de\u00a0l\u2019Association Marie PIRE. En date du 04 Juin 1992, le minist\u00e8re des Affaires Sociales et de l\u2019Int\u00e9gration donnait son accord pour la [&hellip;]<\/p>\n","protected":false},"author":4,"featured_media":0,"parent":0,"menu_order":0,"comment_status":"closed","ping_status":"closed","template":"","meta":{"_et_pb_use_builder":"on","_et_pb_old_content":"<div class=\"page\" title=\"Page 20\"><div class=\"section\"><div class=\"layoutArea\"><div class=\"column\"><p><strong>Le Si\u00e8ge Social<\/strong><\/p><p>Il centralise toute l\u2019administration et les finances de toutes les structures de\u00a0l\u2019Association Marie PIRE.<\/p><p>En date du 04 Juin 1992, le minist\u00e8re des Affaires Sociales et de l\u2019Int\u00e9gration donnait son accord pour la reconnaissance des frais de si\u00e8ge Social de l\u2019Association Marie PIRE. Depuis donc pr\u00e8s de 19 ann\u00e9es, le Si\u00e8ge Social de l\u2019Association Marie PIRE est pr\u00e9sent au quotidien au service des \u00e9tablissements.<\/p><p>Les nouvelles obligations permettent d\u2019en optimiser l\u2019organisation g\u00e9n\u00e9rale, de tendre vers une meilleure ma\u00eetrise des process et une plus grande efficacit\u00e9 de l\u2019ensemble. De plus, le fait de centraliser diff\u00e9rents services sur le Si\u00e8ge cela donne lieu \u00e0 une coordination et un contr\u00f4le permanent sur les \u00e9tablissements.<\/p><p>Le Si\u00e8ge dispose d\u2019un certain nombre de d\u00e9l\u00e9gations dont certaines positionnent le Si\u00e8ge en tant qu\u2019organe titulaire, organe d\u00e9l\u00e9gatoire du pouvoir et comme intervenant privil\u00e9gi\u00e9 sur le territoire.<\/p><p>L\u2019opportunit\u00e9 de d\u00e9m\u00e9nagement du Si\u00e8ge initialement situ\u00e9 au 2 rue de Hirtzbach \u00e0 Altkirch pour int\u00e9grer le 3\u00e8me \u00e9tage d\u2019un b\u00e2timent au sein du Quartier Plessier permet \u00e9galement une \u00e9volution positive des postes de travail pour l\u2019ensemble du personnel du Si\u00e8ge et diff\u00e9rentes salles de r\u00e9union \u00e0 disposition tant du Si\u00e8ge que de\u00a0l\u2019ensemble des \u00e9tablissements de l\u2019Association Marie PIRE.<\/p><p>De plus, l\u2019Association dispose \u00e9galement de son bureau, de la salle du Conseil\u00a0d\u2019Administration ainsi que du bureau pour le Pr\u00e9sident.<\/p><\/div><\/div><\/div><\/div>","_et_gb_content_width":""},"yoast_head":"<!-- This site is optimized with the Yoast SEO plugin v15.7 - https:\/\/yoast.com\/wordpress\/plugins\/seo\/ -->\n<title>Le Si\u00e8ge Social - Association Marie Pire<\/title>\n<meta name=\"robots\" content=\"index, follow, max-snippet:-1, max-image-preview:large, max-video-preview:-1\" \/>\n<link rel=\"canonical\" href=\"http:\/\/www.mariepire.fr\/index.php\/le-siege-social\/\" \/>\n<meta property=\"og:locale\" content=\"fr_FR\" \/>\n<meta property=\"og:type\" content=\"article\" \/>\n<meta property=\"og:title\" content=\"Le Si\u00e8ge Social - Association Marie Pire\" \/>\n<meta property=\"og:description\" content=\"[et_pb_section bb_built=\u00a0\u00bb1&Prime; specialty=\u00a0\u00bboff\u00a0\u00bb _builder_version=\u00a0\u00bb3.2.2&Prime; gutter_width=\u00a0\u00bb2&Prime; next_background_color=\u00a0\u00bb#ffffff\u00a0\u00bb background_color_gradient_start=\u00a0\u00bb#47529c\u00a0\u00bb background_color_gradient_end=\u00a0\u00bb#55a3dd\u00a0\u00bb use_background_color_gradient=\u00a0\u00bbon\u00a0\u00bb][et_pb_row _builder_version=\u00a0\u00bb3.2.2&Prime; gutter_width=\u00a0\u00bb2&Prime;][et_pb_column type=\u00a0\u00bb4_4&Prime;][et_pb_post_title _builder_version=\u00a0\u00bb3.2.2&Prime; meta=\u00a0\u00bboff\u00a0\u00bb featured_image=\u00a0\u00bboff\u00a0\u00bb text_color=\u00a0\u00bblight\u00a0\u00bb title_font_size=\u00a0\u00bb60px\u00a0\u00bb \/][\/et_pb_column][\/et_pb_row][\/et_pb_section][et_pb_section bb_built=\u00a0\u00bb1&Prime; prev_background_color=\u00a0\u00bb#000000&Prime;][et_pb_row][et_pb_column type=\u00a0\u00bb4_4&Prime;][et_pb_text _builder_version=\u00a0\u00bb3.2.2&Prime;] Il centralise toute l\u2019administration et les finances de toutes les structures de\u00a0l\u2019Association Marie PIRE. En date du 04 Juin 1992, le minist\u00e8re des Affaires Sociales et de l\u2019Int\u00e9gration donnait son accord pour la [&hellip;]\" \/>\n<meta property=\"og:url\" content=\"http:\/\/www.mariepire.fr\/index.php\/le-siege-social\/\" \/>\n<meta property=\"og:site_name\" content=\"Association Marie Pire\" \/>\n<meta property=\"article:modified_time\" content=\"2018-06-01T11:03:06+00:00\" \/>\n<meta name=\"twitter:card\" content=\"summary_large_image\" \/>\n<meta name=\"twitter:label1\" content=\"Dur\u00e9e de lecture est.\">\n\t<meta name=\"twitter:data1\" content=\"2 minutes\">\n<script type=\"application\/ld+json\" class=\"yoast-schema-graph\">{\"@context\":\"https:\/\/schema.org\",\"@graph\":[{\"@type\":\"WebSite\",\"@id\":\"http:\/\/www.mariepire.fr\/#website\",\"url\":\"http:\/\/www.mariepire.fr\/\",\"name\":\"Association Marie Pire\",\"description\":\"\",\"potentialAction\":[{\"@type\":\"SearchAction\",\"target\":\"http:\/\/www.mariepire.fr\/?s={search_term_string}\",\"query-input\":\"required name=search_term_string\"}],\"inLanguage\":\"fr-FR\"},{\"@type\":\"WebPage\",\"@id\":\"http:\/\/www.mariepire.fr\/index.php\/le-siege-social\/#webpage\",\"url\":\"http:\/\/www.mariepire.fr\/index.php\/le-siege-social\/\",\"name\":\"Le Si\\u00e8ge Social - Association Marie Pire\",\"isPartOf\":{\"@id\":\"http:\/\/www.mariepire.fr\/#website\"},\"datePublished\":\"2018-05-09T10:01:54+00:00\",\"dateModified\":\"2018-06-01T11:03:06+00:00\",\"inLanguage\":\"fr-FR\",\"potentialAction\":[{\"@type\":\"ReadAction\",\"target\":[\"http:\/\/www.mariepire.fr\/index.php\/le-siege-social\/\"]}]}]}<\/script>\n<!-- \/ Yoast SEO plugin. -->","_links":{"self":[{"href":"http:\/\/www.mariepire.fr\/index.php\/wp-json\/wp\/v2\/pages\/266"}],"collection":[{"href":"http:\/\/www.mariepire.fr\/index.php\/wp-json\/wp\/v2\/pages"}],"about":[{"href":"http:\/\/www.mariepire.fr\/index.php\/wp-json\/wp\/v2\/types\/page"}],"author":[{"embeddable":true,"href":"http:\/\/www.mariepire.fr\/index.php\/wp-json\/wp\/v2\/users\/4"}],"replies":[{"embeddable":true,"href":"http:\/\/www.mariepire.fr\/index.php\/wp-json\/wp\/v2\/comments?post=266"}],"version-history":[{"count":0,"href":"http:\/\/www.mariepire.fr\/index.php\/wp-json\/wp\/v2\/pages\/266\/revisions"}],"wp:attachment":[{"href":"http:\/\/www.mariepire.fr\/index.php\/wp-json\/wp\/v2\/media?parent=266"}],"curies":[{"name":"wp","href":"https:\/\/api.w.org\/{rel}","templated":true}]}}