{"id":246,"date":"2018-05-09T12:01:54","date_gmt":"2018-05-09T10:01:54","guid":{"rendered":"http:\/\/idealweb.fr\/demo\/wordpress\/?page_id=246"},"modified":"2018-06-01T13:00:41","modified_gmt":"2018-06-01T11:00:41","slug":"le-handicap-en-alsace","status":"publish","type":"page","link":"http:\/\/www.mariepire.fr\/index.php\/le-handicap-en-alsace\/","title":{"rendered":"Le Handicap en Alsace"},"content":{"rendered":"<p>[et_pb_section bb_built=\u00a0\u00bb1&Prime; specialty=\u00a0\u00bboff\u00a0\u00bb _builder_version=\u00a0\u00bb3.2.2&Prime; gutter_width=\u00a0\u00bb2&Prime; next_background_color=\u00a0\u00bb#ffffff\u00a0\u00bb background_color_gradient_start=\u00a0\u00bb#47529c\u00a0\u00bb background_color_gradient_end=\u00a0\u00bb#55a3dd\u00a0\u00bb use_background_color_gradient=\u00a0\u00bbon\u00a0\u00bb][et_pb_row _builder_version=\u00a0\u00bb3.2.2&Prime; gutter_width=\u00a0\u00bb2&Prime;][et_pb_column type=\u00a0\u00bb4_4&Prime;][et_pb_post_title _builder_version=\u00a0\u00bb3.2.2&Prime; meta=\u00a0\u00bboff\u00a0\u00bb featured_image=\u00a0\u00bboff\u00a0\u00bb text_color=\u00a0\u00bblight\u00a0\u00bb title_font_size=\u00a0\u00bb60px\u00a0\u00bb \/][\/et_pb_column][\/et_pb_row][\/et_pb_section][et_pb_section bb_built=\u00a0\u00bb1&Prime; prev_background_color=\u00a0\u00bb#000000&Prime;][et_pb_row][et_pb_column type=\u00a0\u00bb4_4&Prime;][et_pb_text]<\/p>\n<div class=\"page\" title=\"Page 10\">\n<div class=\"section\">\n<div class=\"layoutArea\">\n<div class=\"column\">\n<p>&#8211;\u00a0La population de l\u2019Alsace au 1er janvier 2009 est de <strong>1 846 865 habitants<\/strong>.<\/p>\n<p>&#8211; L\u2019Alsace compte <strong>57 900 personnes en situation de handicap<\/strong>, dont 20 660\u00a0per\u00e7oivent l\u2019Allocation Adulte Handicap\u00e9.<\/p>\n<p>&#8211; En 2011, l\u2019Alsace compte <strong>207 \u00e9tablissements <\/strong>et services m\u00e9dico-sociaux pour adultes et enfants handicap\u00e9s qui offrent une capacit\u00e9 d\u2019accueil de 10 148 places, en constante augmentation depuis 2005.<\/p>\n<p>&#8211; La population globale, <strong>enfants et adultes handicap\u00e9s <\/strong>est \u00e0 peu pr\u00e8s de <strong>21 500 personnes <\/strong><strong>dans le Haut-Rhin<\/strong>, dont 3 500 enfants et 18 000 adultes.<\/p>\n<p>&#8211; Ce secteur sanitaire et social au sens large repr\u00e9sente <strong>83 000 salari\u00e9s <\/strong>en Alsace\u00a0<strong>soit 11% de la population salari\u00e9e r\u00e9gionale<\/strong>, dont 88% sont des emplois f\u00e9minins.(Le secteur sanitaire et social hors garde d\u2019enfant \u00e0 domicile, agents de service, pr\u00e9parateurs en pharmacie, assistantes dentaires et techniciens m\u00e9dicaux &#8230;repr\u00e9sente <strong>51 300 salari\u00e9s<\/strong>. )<\/p>\n<\/div>\n<\/div>\n<\/div>\n<\/div>\n<p>[\/et_pb_text][\/et_pb_column][\/et_pb_row][\/et_pb_section]<\/p>\n","protected":false},"excerpt":{"rendered":"<p>[et_pb_section bb_built=\u00a0\u00bb1&Prime; specialty=\u00a0\u00bboff\u00a0\u00bb _builder_version=\u00a0\u00bb3.2.2&Prime; gutter_width=\u00a0\u00bb2&Prime; next_background_color=\u00a0\u00bb#ffffff\u00a0\u00bb background_color_gradient_start=\u00a0\u00bb#47529c\u00a0\u00bb background_color_gradient_end=\u00a0\u00bb#55a3dd\u00a0\u00bb use_background_color_gradient=\u00a0\u00bbon\u00a0\u00bb][et_pb_row _builder_version=\u00a0\u00bb3.2.2&Prime; gutter_width=\u00a0\u00bb2&Prime;][et_pb_column type=\u00a0\u00bb4_4&Prime;][et_pb_post_title _builder_version=\u00a0\u00bb3.2.2&Prime; meta=\u00a0\u00bboff\u00a0\u00bb featured_image=\u00a0\u00bboff\u00a0\u00bb text_color=\u00a0\u00bblight\u00a0\u00bb title_font_size=\u00a0\u00bb60px\u00a0\u00bb \/][\/et_pb_column][\/et_pb_row][\/et_pb_section][et_pb_section bb_built=\u00a0\u00bb1&Prime; prev_background_color=\u00a0\u00bb#000000&Prime;][et_pb_row][et_pb_column type=\u00a0\u00bb4_4&Prime;][et_pb_text] &#8211;\u00a0La population de l\u2019Alsace au 1er janvier 2009 est de 1 846 865 habitants. &#8211; L\u2019Alsace compte 57 900 personnes en situation de handicap, dont 20 660\u00a0per\u00e7oivent l\u2019Allocation Adulte Handicap\u00e9. &#8211; En 2011, l\u2019Alsace [&hellip;]<\/p>\n","protected":false},"author":4,"featured_media":0,"parent":0,"menu_order":0,"comment_status":"closed","ping_status":"closed","template":"","meta":{"_et_pb_use_builder":"on","_et_pb_old_content":"<div class=\"page\" title=\"Page 10\"><div class=\"section\"><div class=\"layoutArea\"><div class=\"column\"><p>-\u00a0La population de l\u2019Alsace au 1er janvier 2009 est de <strong>1 846 865 habitants<\/strong>.<\/p><p><br \/>- L\u2019Alsace compte <strong>57 900 personnes en situation de handicap<\/strong>, dont 20 660\u00a0per\u00e7oivent l\u2019Allocation Adulte Handicap\u00e9.<\/p><p>- En 2011, l\u2019Alsace compte <strong>207 \u00e9tablissements <\/strong>et services m\u00e9dico-sociaux pour adultes et enfants handicap\u00e9s qui offrent une capacit\u00e9 d\u2019accueil de 10 148 places, en constante augmentation depuis 2005.<\/p><p>- La population globale, <strong>enfants et adultes handicap\u00e9s <\/strong>est \u00e0 peu pr\u00e8s de <strong>21 500 personnes <\/strong><strong>dans le Haut-Rhin<\/strong>, dont 3 500 enfants et 18 000 adultes.<\/p><p>- Ce secteur sanitaire et social au sens large repr\u00e9sente <strong>83 000 salari\u00e9s <\/strong>en Alsace\u00a0<strong>soit 11% de la population salari\u00e9e r\u00e9gionale<\/strong>, dont 88% sont des emplois f\u00e9minins.(Le secteur sanitaire et social hors garde d\u2019enfant \u00e0 domicile, agents de service, pr\u00e9parateurs en pharmacie, assistantes dentaires et techniciens m\u00e9dicaux ...repr\u00e9sente <strong>51 300 salari\u00e9s<\/strong>. )<\/p><\/div><\/div><\/div><\/div>","_et_gb_content_width":""},"yoast_head":"<!-- This site is optimized with the Yoast SEO plugin v15.7 - https:\/\/yoast.com\/wordpress\/plugins\/seo\/ -->\n<title>Le Handicap en Alsace - Association Marie Pire<\/title>\n<meta name=\"robots\" content=\"index, follow, max-snippet:-1, max-image-preview:large, max-video-preview:-1\" \/>\n<link rel=\"canonical\" href=\"http:\/\/www.mariepire.fr\/index.php\/le-handicap-en-alsace\/\" \/>\n<meta property=\"og:locale\" content=\"fr_FR\" \/>\n<meta property=\"og:type\" content=\"article\" \/>\n<meta property=\"og:title\" content=\"Le Handicap en Alsace - Association Marie Pire\" \/>\n<meta property=\"og:description\" content=\"[et_pb_section bb_built=\u00a0\u00bb1&Prime; specialty=\u00a0\u00bboff\u00a0\u00bb _builder_version=\u00a0\u00bb3.2.2&Prime; gutter_width=\u00a0\u00bb2&Prime; next_background_color=\u00a0\u00bb#ffffff\u00a0\u00bb background_color_gradient_start=\u00a0\u00bb#47529c\u00a0\u00bb background_color_gradient_end=\u00a0\u00bb#55a3dd\u00a0\u00bb use_background_color_gradient=\u00a0\u00bbon\u00a0\u00bb][et_pb_row _builder_version=\u00a0\u00bb3.2.2&Prime; gutter_width=\u00a0\u00bb2&Prime;][et_pb_column type=\u00a0\u00bb4_4&Prime;][et_pb_post_title _builder_version=\u00a0\u00bb3.2.2&Prime; meta=\u00a0\u00bboff\u00a0\u00bb featured_image=\u00a0\u00bboff\u00a0\u00bb text_color=\u00a0\u00bblight\u00a0\u00bb title_font_size=\u00a0\u00bb60px\u00a0\u00bb \/][\/et_pb_column][\/et_pb_row][\/et_pb_section][et_pb_section bb_built=\u00a0\u00bb1&Prime; prev_background_color=\u00a0\u00bb#000000&Prime;][et_pb_row][et_pb_column type=\u00a0\u00bb4_4&Prime;][et_pb_text] &#8211;\u00a0La population de l\u2019Alsace au 1er janvier 2009 est de 1 846 865 habitants. &#8211; L\u2019Alsace compte 57 900 personnes en situation de handicap, dont 20 660\u00a0per\u00e7oivent l\u2019Allocation Adulte Handicap\u00e9. &#8211; En 2011, l\u2019Alsace [&hellip;]\" \/>\n<meta property=\"og:url\" content=\"http:\/\/www.mariepire.fr\/index.php\/le-handicap-en-alsace\/\" \/>\n<meta property=\"og:site_name\" content=\"Association Marie Pire\" \/>\n<meta property=\"article:modified_time\" content=\"2018-06-01T11:00:41+00:00\" \/>\n<meta name=\"twitter:card\" content=\"summary_large_image\" \/>\n<meta name=\"twitter:label1\" content=\"Dur\u00e9e de lecture est.\">\n\t<meta name=\"twitter:data1\" content=\"1 minute\">\n<script type=\"application\/ld+json\" class=\"yoast-schema-graph\">{\"@context\":\"https:\/\/schema.org\",\"@graph\":[{\"@type\":\"WebSite\",\"@id\":\"http:\/\/www.mariepire.fr\/#website\",\"url\":\"http:\/\/www.mariepire.fr\/\",\"name\":\"Association Marie Pire\",\"description\":\"\",\"potentialAction\":[{\"@type\":\"SearchAction\",\"target\":\"http:\/\/www.mariepire.fr\/?s={search_term_string}\",\"query-input\":\"required name=search_term_string\"}],\"inLanguage\":\"fr-FR\"},{\"@type\":\"WebPage\",\"@id\":\"http:\/\/www.mariepire.fr\/index.php\/le-handicap-en-alsace\/#webpage\",\"url\":\"http:\/\/www.mariepire.fr\/index.php\/le-handicap-en-alsace\/\",\"name\":\"Le Handicap en Alsace - Association Marie Pire\",\"isPartOf\":{\"@id\":\"http:\/\/www.mariepire.fr\/#website\"},\"datePublished\":\"2018-05-09T10:01:54+00:00\",\"dateModified\":\"2018-06-01T11:00:41+00:00\",\"inLanguage\":\"fr-FR\",\"potentialAction\":[{\"@type\":\"ReadAction\",\"target\":[\"http:\/\/www.mariepire.fr\/index.php\/le-handicap-en-alsace\/\"]}]}]}<\/script>\n<!-- \/ Yoast SEO plugin. -->","_links":{"self":[{"href":"http:\/\/www.mariepire.fr\/index.php\/wp-json\/wp\/v2\/pages\/246"}],"collection":[{"href":"http:\/\/www.mariepire.fr\/index.php\/wp-json\/wp\/v2\/pages"}],"about":[{"href":"http:\/\/www.mariepire.fr\/index.php\/wp-json\/wp\/v2\/types\/page"}],"author":[{"embeddable":true,"href":"http:\/\/www.mariepire.fr\/index.php\/wp-json\/wp\/v2\/users\/4"}],"replies":[{"embeddable":true,"href":"http:\/\/www.mariepire.fr\/index.php\/wp-json\/wp\/v2\/comments?post=246"}],"version-history":[{"count":0,"href":"http:\/\/www.mariepire.fr\/index.php\/wp-json\/wp\/v2\/pages\/246\/revisions"}],"wp:attachment":[{"href":"http:\/\/www.mariepire.fr\/index.php\/wp-json\/wp\/v2\/media?parent=246"}],"curies":[{"name":"wp","href":"https:\/\/api.w.org\/{rel}","templated":true}]}}